{"id":510,"date":"2025-04-11T01:06:20","date_gmt":"2025-04-11T01:06:20","guid":{"rendered":"https:\/\/liftlink.ca\/?page_id=510"},"modified":"2025-07-27T17:14:21","modified_gmt":"2025-07-27T17:14:21","slug":"politique-de-confidentialite","status":"publish","type":"page","link":"https:\/\/liftlink.ca\/fr\/politique-de-confidentialite\/","title":{"rendered":"Politique de Confidentialit\u00e9"},"content":{"rendered":"<div data-elementor-type=\"wp-page\" data-elementor-id=\"510\" class=\"elementor elementor-510\" data-elementor-post-type=\"page\">\n\t\t\t\t<div data-uael-partstyle=\"nasa\" data-uael-partcolor=\"#FFFFFF\" data-uael-partopacity=\"0.7\" data-uael-partdirection=\"bottom\" class=\"elementor-element elementor-element-b09e8fe uael-particle-yes e-flex e-con-boxed uael-particle-adv-no e-con e-parent\" data-id=\"b09e8fe\" data-element_type=\"container\" data-settings=\"{&quot;background_background&quot;:&quot;classic&quot;}\">\n\t\t\t\t\t<div class=\"e-con-inner\">\n\t\t\t\t<div class=\"elementor-element elementor-element-c6c754f text-left elementor-widget elementor-widget-tp-heading-title\" data-id=\"c6c754f\" data-element_type=\"widget\" data-widget_type=\"tp-heading-title.default\">\n\t\t\t\t\t<div class=\"heading heading_style heading_style6a027cd2ea9a0 style-1\" ><div class=\"sub-style\" ><div class=\"head-title\" > <h1  class=\"heading-title\"  data-hover=\"Politique de Confidentialit\u00e9\">Politique de Confidentialit\u00e9<span class=\"title-s\">  <\/span><\/h1><\/div><div class=\"sub-heading\"><h3 class=\"heading-sub-title\"> Date d&#039;entr\u00e9e en vigueur : 1er avril 2025 <\/h3><\/div><\/div><\/div>\t\t\t\t<\/div>\n\t\t\t\t\t<\/div>\n\t\t\t\t<\/div>\n\t\t<div class=\"elementor-element elementor-element-3f6f7be e-flex e-con-boxed e-con e-parent\" data-id=\"3f6f7be\" data-element_type=\"container\" data-settings=\"{&quot;background_background&quot;:&quot;classic&quot;}\">\n\t\t\t\t\t<div class=\"e-con-inner\">\n\t\t\t\t<div class=\"elementor-element elementor-element-73dfb8a elementor-widget elementor-widget-text-editor\" data-id=\"73dfb8a\" data-element_type=\"widget\" data-widget_type=\"text-editor.default\">\n\t\t\t\t<div class=\"elementor-widget-container\">\n\t\t\t\t\t\t\t\t\t<p dir=\"auto\">Chez Lift Link, votre vie priv\u00e9e est notre priorit\u00e9. Nous vous invitons \u00e0 lire ce qui suit pour en savoir plus sur notre politique de confidentialit\u00e9.<\/p><h4>Conducteurs : Annonce d&#8217;un trajet<\/h4><ol><li><strong>Informations visibles par les passagers potentiels<\/strong><\/li><\/ol><p dir=\"auto\">Lorsque vous annoncez un trajet, les informations suivantes seront visibles par les utilisateurs non-abonn\u00e9s et les membres de Lift Link (vos coordonn\u00e9es restent strictement confidentielles) :<\/p><ul><li><p dir=\"auto\"><strong>Informations concernant votre trajet :<\/strong><\/p><ul><li>Ville(s) de d\u00e9part<\/li><li>Point de rendez-vous (indications g\u00e9n\u00e9rales)<\/li><li>Ville(s) de destination<\/li><li>Point de d\u00e9pose<\/li><li>Date et heure de d\u00e9part<\/li><li>Nombre de places disponibles<\/li><li>Itin\u00e9raire (facultatif)<\/li><li>Prix<\/li><\/ul><\/li><li><p dir=\"auto\"><strong>Informations concernant votre v\u00e9hicule :<\/strong><\/p><ul><li>V\u00e9hicule fumeur ou non-fumeur<\/li><li>Acceptation des chiens guides (oui ou non)<\/li><li>Acceptation des petits animaux en cage (oui ou non)<\/li><li>Format de bagages accept\u00e9<\/li><li>Votre v\u00e9hicule peut-il accueillir des personnes de tr\u00e8s grande taille ?<\/li><\/ul><\/li><li><p dir=\"auto\"><strong>Informations concernant votre abonnement et vos pr\u00e9f\u00e9rences :<\/strong><\/p><ul><li>Dur\u00e9e de votre abonnement<\/li><li>Nombre de trajets effectu\u00e9s en tant que conducteur<\/li><li>Pr\u00e9f\u00e9rences concernant la confidentialit\u00e9 de votre email ou num\u00e9ro de t\u00e9l\u00e9phone en cas de mise en contact avec vos passagers<\/li><\/ul><\/li><\/ul><p dir=\"auto\">Les informations suivantes peuvent \u00eatre divulgu\u00e9es ou non dans l&#8217;annonce d&#8217;un trajet, selon votre pr\u00e9f\u00e9rence :<\/p><ul><li>Satisfaction des passagers ayant d\u00e9j\u00e0 voyag\u00e9 avec vous et leur \u00e9valuation sur la ponctualit\u00e9, le confort du v\u00e9hicule, et la s\u00e9curit\u00e9.<\/li><li>Vos ann\u00e9es d&#8217;exp\u00e9rience sur la route.<\/li><\/ul><ol start=\"2\"><li><strong>Informations visibles par les passagers ayant r\u00e9serv\u00e9 une place dans votre v\u00e9hicule<\/strong><\/li><\/ol><p dir=\"auto\">Une fois qu&#8217;un membre de Lift Link a r\u00e9serv\u00e9 une place dans votre v\u00e9hicule, il ou elle aura acc\u00e8s aux informations suivantes :<\/p><ul><li>Votre nom<\/li><li>La marque, le mod\u00e8le, la couleur et l&#8217;ann\u00e9e de votre voiture<\/li><li>Le num\u00e9ro d&#8217;immatriculation de la voiture<\/li><li>D\u00e9tails sur le lieu de rendez-vous<\/li><li>D\u00e9tails visibles sur la voiture (facultatif)<\/li><li>Une photo de la voiture (facultatif)<\/li><li>Une photo de vous (facultatif)<\/li><\/ul><p dir=\"auto\">Les informations suivantes peuvent \u00eatre divulgu\u00e9es ou non aux membres ayant r\u00e9serv\u00e9 une place dans votre v\u00e9hicule, selon votre pr\u00e9f\u00e9rence :<\/p><ul><li>Votre num\u00e9ro de t\u00e9l\u00e9phone<\/li><li>Votre email<\/li><\/ul><p dir=\"auto\">Si votre num\u00e9ro de t\u00e9l\u00e9phone est marqu\u00e9 comme confidentiel, notez qu&#8217;il est possible que nous vous mettions en communication avec un passager via un transfert d&#8217;appel (votre num\u00e9ro ne sera pas divulgu\u00e9).<\/p><h4>Passagers : Mise en contact avec un conducteur<\/h4><p dir=\"auto\">Les conducteurs avec qui vous avez r\u00e9serv\u00e9 une place auront acc\u00e8s aux informations suivantes pour vous identifier :<\/p><ul><li>Votre nom<\/li><\/ul><p dir=\"auto\">Les informations suivantes peuvent \u00eatre divulgu\u00e9es ou non \u00e0 votre conducteur, selon votre pr\u00e9f\u00e9rence :<\/p><ul><li>Votre num\u00e9ro de t\u00e9l\u00e9phone<\/li><li>Votre email<\/li><\/ul><p dir=\"auto\">Si votre num\u00e9ro de t\u00e9l\u00e9phone est marqu\u00e9 comme confidentiel, notez qu&#8217;il est possible que nous vous mettions en communication avec votre conducteur via un transfert d&#8217;appel (votre num\u00e9ro ne sera pas divulgu\u00e9).<\/p><h4>Politique de confidentialit\u00e9 et informations g\u00e9n\u00e9rales<\/h4><p dir=\"auto\">Toutes les informations personnelles inscrites sur les formulaires en ligne sont prot\u00e9g\u00e9es par la loi sur la protection des renseignements personnels.<\/p><p dir=\"auto\">Chez Lift Link, nous recueillons des informations personnelles vous concernant lorsque vous naviguez sur notre site web et utilisez nos services. Ces informations sont utilis\u00e9es pour personnaliser votre exp\u00e9rience, r\u00e9pondre \u00e0 vos demandes et vous informer de nos offres sp\u00e9ciales et nouveaux services.<\/p><p dir=\"auto\">Nous ne vendons ni ne louons vos informations personnelles \u00e0 des tiers. Nous pouvons partager vos informations dans les cas suivants :<\/p><ul><li>Avec votre consentement<\/li><li>Pour fournir un produit ou service que vous avez demand\u00e9<\/li><li>Pour r\u00e9pondre \u00e0 une ordonnance du tribunal ou une instance judiciaire<\/li><li>Pour assurer la s\u00e9curit\u00e9 de nos utilisateurs<\/li><\/ul><p dir=\"auto\">Vous pouvez modifier les informations de votre compte et vos pr\u00e9f\u00e9rences \u00e0 tout moment. Vous pouvez \u00e9galement demander la r\u00e9siliation de votre compte en nous contactant par t\u00e9l\u00e9phone.<\/p><p dir=\"auto\">Pour acc\u00e9der \u00e0 vos informations de compte, vous devez entrer votre mot de passe. Cela garantit la confidentialit\u00e9 et la s\u00e9curit\u00e9 de vos donn\u00e9es.<\/p><p dir=\"auto\">Nous utilisons des mesures de s\u00e9curit\u00e9, comme le cryptage SSL, pour prot\u00e9ger vos informations lors de leur transmission.<\/p><p dir=\"auto\">Nous pouvons modifier notre politique de confidentialit\u00e9 de temps \u00e0 autre. En cas de modifications substantielles, nous afficherons un avis sur nos pages web.<\/p>\t\t\t\t\t\t\t\t<\/div>\n\t\t\t\t<\/div>\n\t\t\t\t\t<\/div>\n\t\t\t\t<\/div>\n\t\t\t\t<\/div>","protected":false},"excerpt":{"rendered":"<p>Date d&#039;entr\u00e9e en vigueur : 1er avril 2025 Chez Lift Link, votre vie priv\u00e9e est notre priorit\u00e9. Nous vous invitons [&hellip;]<\/p>","protected":false},"author":1,"featured_media":0,"parent":0,"menu_order":0,"comment_status":"closed","ping_status":"closed","template":"elementor_theme","meta":{"site-sidebar-layout":"no-sidebar","site-content-layout":"","ast-site-content-layout":"full-width-container","site-content-style":"default","site-sidebar-style":"default","ast-global-header-display":"","ast-banner-title-visibility":"","ast-main-header-display":"","ast-hfb-above-header-display":"","ast-hfb-below-header-display":"","ast-hfb-mobile-header-display":"","site-post-title":"disabled","ast-breadcrumbs-content":"","ast-featured-img":"disabled","footer-sml-layout":"","theme-transparent-header-meta":"enabled","adv-header-id-meta":"","stick-header-meta":"","header-above-stick-meta":"","header-main-stick-meta":"","header-below-stick-meta":"","astra-migrate-meta-layouts":"default","ast-page-background-enabled":"default","ast-page-background-meta":{"desktop":{"background-color":"var(--ast-global-color-5)","background-image":"","background-repeat":"repeat","background-position":"center center","background-size":"auto","background-attachment":"scroll","background-type":"","background-media":"","overlay-type":"","overlay-color":"","overlay-opacity":"","overlay-gradient":""},"tablet":{"background-color":"","background-image":"","background-repeat":"repeat","background-position":"center center","background-size":"auto","background-attachment":"scroll","background-type":"","background-media":"","overlay-type":"","overlay-color":"","overlay-opacity":"","overlay-gradient":""},"mobile":{"background-color":"","background-image":"","background-repeat":"repeat","background-position":"center center","background-size":"auto","background-attachment":"scroll","background-type":"","background-media":"","overlay-type":"","overlay-color":"","overlay-opacity":"","overlay-gradient":""}},"ast-content-background-meta":{"desktop":{"background-color":"var(--ast-global-color-4)","background-image":"","background-repeat":"repeat","background-position":"center center","background-size":"auto","background-attachment":"scroll","background-type":"","background-media":"","overlay-type":"","overlay-color":"","overlay-opacity":"","overlay-gradient":""},"tablet":{"background-color":"var(--ast-global-color-4)","background-image":"","background-repeat":"repeat","background-position":"center center","background-size":"auto","background-attachment":"scroll","background-type":"","background-media":"","overlay-type":"","overlay-color":"","overlay-opacity":"","overlay-gradient":""},"mobile":{"background-color":"var(--ast-global-color-4)","background-image":"","background-repeat":"repeat","background-position":"center center","background-size":"auto","background-attachment":"scroll","background-type":"","background-media":"","overlay-type":"","overlay-color":"","overlay-opacity":"","overlay-gradient":""}},"footnotes":""},"class_list":["post-510","page","type-page","status-publish","hentry"],"lang":"fr","translations":{"fr":510,"en-gb":3},"_links":{"self":[{"href":"https:\/\/liftlink.ca\/fr\/wp-json\/wp\/v2\/pages\/510","targetHints":{"allow":["GET"]}}],"collection":[{"href":"https:\/\/liftlink.ca\/fr\/wp-json\/wp\/v2\/pages"}],"about":[{"href":"https:\/\/liftlink.ca\/fr\/wp-json\/wp\/v2\/types\/page"}],"author":[{"embeddable":true,"href":"https:\/\/liftlink.ca\/fr\/wp-json\/wp\/v2\/users\/1"}],"replies":[{"embeddable":true,"href":"https:\/\/liftlink.ca\/fr\/wp-json\/wp\/v2\/comments?post=510"}],"version-history":[{"count":36,"href":"https:\/\/liftlink.ca\/fr\/wp-json\/wp\/v2\/pages\/510\/revisions"}],"predecessor-version":[{"id":907,"href":"https:\/\/liftlink.ca\/fr\/wp-json\/wp\/v2\/pages\/510\/revisions\/907"}],"wp:attachment":[{"href":"https:\/\/liftlink.ca\/fr\/wp-json\/wp\/v2\/media?parent=510"}],"curies":[{"name":"wp","href":"https:\/\/api.w.org\/{rel}","templated":true}]}}